{"id":106,"date":"2025-06-08T17:10:23","date_gmt":"2025-06-08T15:10:23","guid":{"rendered":"https:\/\/b3tsi.com\/about-us\/"},"modified":"2025-10-15T13:02:12","modified_gmt":"2025-10-15T11:02:12","slug":"who-we-are","status":"publish","type":"page","link":"https:\/\/b3tsi.com\/en\/who-we-are\/","title":{"rendered":"About us"},"content":{"rendered":"\n<section id=\"your-partner-in-market-survey-and-analytics\" class=\"blue \">\n    <div class=\"container w100\">\n        \n\n    <h2 class=\"title white en\">B3, your partner for <strong>market survey<\/strong> and analytics<span class=\"bigpoint\">.<\/span><\/h2>\n\n\n\n<div class=\"block-image-text ltr\">\n    <div class=\"left w50\">\n                    <div class=\"mask\"><\/div>\n               \n            <img decoding=\"async\" src=\"https:\/\/b3tsi.com\/wp-content\/uploads\/2025\/06\/b3tsi-about-us-our-dna-background-scaled.jpg\" alt=\"r\u00e9union brainstorming\">\n            <div class=\"wrapper\">\n                \n\n    <h3 class=\"title white en\">Our Work ?<\/h3>\n\n\n\n<div class=\"text\">\n            <p>Transforming ad hoc data<br \/>\ninto strategic and<br \/>\nactionable insights.<\/p>\n    <\/div>\n\n            <\/div>\n           \n    <\/div>\n    <div class=\"right w50\">\n                        <div class=\"text\">\n                            <p><strong>The Art and Way of Giving Meaning to Data<\/strong><\/p>\n<p>At B3, we believe that good decisions are made with good data. For over 35 years, we have been helping professionals in the healthcare, food service, and service\/industrial sectors understand their markets and audiences by gathering ad hoc information from professionals in their industries.<\/p>\n<p>From data collection to analysis, we offer tailor-made solutions to help our clients access professionals, structure reliable data, and use their results with confidence.<\/p>\n<p><strong>Because a good study is not limited to numbers, we bring rigor, perspective, intelligence, and relevance to each project, without compromising our obligations.<\/strong><\/p>\n                    <\/div>\n            <\/div> \n<\/div>\n\n\n    <\/div>\n<\/section>\n\n\n<section id=\"a-team-of-experts-dedicated-to-data\" class=\"white \">\n    <div class=\"container w100\">\n        \n\n    <h2 class=\"title blue en\">A <strong>team of experts<\/strong> dedicated to data<span class=\"bigpoint\">.<\/span><\/h2>\n\n\n\n<div class=\"image-background\">\n                    <div class=\"image-full\" style=\"background-image: url('https:\/\/b3tsi.com\/wp-content\/uploads\/2025\/06\/b3tsi-about-us-a-team-of-experts-dedicated-to-data-background.jpg');background-size:cover;background-repeat:no-repeat;width:100%;height:100vh;\">\n            <div class=\"wrapper\">\n                \n\n<div class=\"text\">\n            <p>B3 is above all a team that combines<\/p>\n    <\/div>\n\n\n    <h2 class=\"title white en\">Expertise,<br>\r\nPassion &#038; <br>\r\n<strong>Engagement.<\/strong><\/h2>\n\n\n            <\/div>\n        <\/div>\n        <\/div>\n\n    <\/div>\n<\/section>\n\n\n<section id=\"a-team-of-experts-dedicated-to-data-2\" class=\"white \">\n    <div class=\"container \">\n        \n\n<div class=\"block-image-text ltr\">\n    <div class=\"left w50\">\n                    <div class=\"mask\"><\/div>\n               \n            <img decoding=\"async\" src=\"https:\/\/b3tsi.com\/wp-content\/uploads\/2025\/06\/b3tsi-about-us-a-team-of-experts-dedicated-to-data1-scaled.jpg\" alt=\"Une \u00e9quipe d\u00e9di\u00e9e autour de vos\">\n            <div class=\"wrapper\">\n                \n            <\/div>\n           \n    <\/div>\n    <div class=\"right w50\">\n                        <div class=\"text\">\n                            <p>The story begins in <strong>1987<\/strong>, when <strong>Alexis Bonis-Charancle<\/strong> and <strong>Philippe Boudet<\/strong>, both experts in statistics and data analysis, created B3 with a clear ambition:<\/p>\n<p>Provide rigorous, innovative methods for making the most of data and market research.<\/p>\n<p>In 2024, <strong>Edwige B\u00e9nis-Dumont<\/strong> joined the general management team.<\/p>\n<p>Today, B3 continues to grow with talent specializing in qualitative and quantitative research, data science, artificial intelligence, and statistical modeling.<\/p>\n<p>Each study is a meeting between <strong>data precision<\/strong> and <strong>human expertise<\/strong>, with one ambition:<\/p>\n<p><strong>Collect quality data and produce actionable analyses to better inform and anticipate decisions in healthcare, food service, and services\/industries<\/strong>.<\/p>\n                    <\/div>\n            <\/div> \n<\/div>\n\n\n    <\/div>\n<\/section>\n\n\n<section id=\"a-team-of-experts-dedicated-to-data-3\" class=\"blue \">\n    <div class=\"container \">\n        \n<div class=\"block-cards-picto-title\">\n    <ul class=\"cards\">\n                      \n\n                        \n            \n            \n            \n                            <li class=\"w19\">\n            \n                                    <div class=\"image\">\n                        <img decoding=\"async\" class=\"img-classic\" src=\"https:\/\/b3tsi.com\/wp-content\/uploads\/2025\/07\/b3tsi-logo-white-v4.svg\" alt=\"B3TSI Logo\">\n                    <\/div>\n                \n                \n                                    <div class=\"title\">\n                        French<br>\r\nSME                    <\/div>\n                \n                                    <div class=\"text\">\n                        <p><p style=\"text-align: center;\">open to the world<\/p>\n<\/p>                    <\/div>\n                \n                            <\/li>\n                      \n\n                        \n            \n            \n            \n                            <li class=\"w19\">\n            \n                                    <div class=\"image\">\n                        <img decoding=\"async\" class=\"img-classic\" src=\"https:\/\/b3tsi.com\/wp-content\/uploads\/2025\/06\/b3tsi-about-us-team-picto2.svg\" alt=\"Collaborateurs\">\n                    <\/div>\n                \n                \n                                    <div class=\"title\">\n                        23<br>\r\nEmployees                    <\/div>\n                \n                                    <div class=\"text\">\n                        <p><p style=\"text-align: center;\">distributed between France and abroad<\/p>\n<\/p>                    <\/div>\n                \n                            <\/li>\n                      \n\n                        \n            \n            \n            \n                            <li class=\"w19\">\n            \n                                    <div class=\"image\">\n                        <img decoding=\"async\" class=\"img-classic\" src=\"https:\/\/b3tsi.com\/wp-content\/uploads\/2025\/06\/b3tsi-about-us-team-picto3.svg\" alt=\"Entreprise internationale\">\n                    <\/div>\n                \n                \n                                    <div class=\"title\">\n                        80<br>\r\nPartners                    <\/div>\n                \n                                    <div class=\"text\">\n                        <p><p style=\"text-align: center;\">abroad<\/p>\n<\/p>                    <\/div>\n                \n                            <\/li>\n                      \n\n                        \n            \n            \n            \n                            <li class=\"w19\">\n            \n                                    <div class=\"image\">\n                        <img decoding=\"async\" class=\"img-classic\" src=\"https:\/\/b3tsi.com\/wp-content\/uploads\/2025\/06\/b3tsi-about-us-team-picto4.svg\" alt=\"Centres d&#039;appel\">\n                    <\/div>\n                \n                \n                                    <div class=\"title\">\n                        2<br>\r\ncall centers                    <\/div>\n                \n                                    <div class=\"text\">\n                        <p><p style=\"text-align: center;\">in France and C\u00f4te d&#8217;Ivoire,<br \/>\nspecialized in CATI surveys.<\/p>\n<\/p>                    <\/div>\n                \n                            <\/li>\n                      \n\n                        \n            \n            \n            \n                            <li class=\"w19\">\n            \n                                    <div class=\"image\">\n                        <img decoding=\"async\" class=\"img-classic\" src=\"https:\/\/b3tsi.com\/wp-content\/uploads\/2025\/06\/b3tsi-about-us-team-picto5.svg\" alt=\"Expertise\">\n                    <\/div>\n                \n                \n                                    <div class=\"title\">\n                        6<br>\r\nExpertises                    <\/div>\n                \n                                    <div class=\"text\">\n                        <p><p style=\"text-align: center;\">for your research projects<br \/>\n.<\/p>\n<\/p>                    <\/div>\n                \n                            <\/li>\n            <\/ul>\n<\/div>\n\n    <\/div>\n<\/section>\n\n\n<section id=\"our-dna\" class=\"white \">\n    <div class=\"container w100\">\n        \n\n<div class=\"image-background\">\n                        <div class=\"overlay\"><\/div>\n                <div class=\"image-full\" style=\"background-image: url('https:\/\/b3tsi.com\/wp-content\/uploads\/2025\/06\/b3tsi-about-us-our-dna-background-scaled.jpg');background-size:cover;background-repeat:no-repeat;width:100%;height:100vh;\">\n            <div class=\"wrapper\">\n                \n\n    <h2 class=\"title white en\">35 years of innovation, <strong>intact DNA<\/strong><span class=\"bigpoint\">.<\/span><\/h2>\n\n\n\n<div class=\"text\">\n            <p style=\"text-align: center;\">Since 1987, B3 has been evolving in line with market challenges and company expectations.<\/p>\n    <\/div>\n\n            <\/div>\n        <\/div>\n        <\/div>\n\n    <\/div>\n<\/section>\n\n\n<section id=\"our-story\" class=\"blue \">\n    <div class=\"container \">\n        \n<div class=\"carousel\">\n    <div class=\"timeline\"><\/div>\n\n    <div class=\"swiper-story\">\n        <div class=\"swiper-wrapper\">        \n        \n                    <div class=\"swiper-slide\">\n                        <div class=\"swiper-frame\">\n                            <div class=\"image\">\n                                <img decoding=\"async\" src=\"https:\/\/b3tsi.com\/wp-content\/uploads\/2025\/07\/b3tsi-about-us-story-picto1.svg\" alt=\"\" \/>\n                            <\/div>\n                            <div class=\"date\"><p>1987<\/p><\/div>\n                            <div class=\"fact\"><p>Creation of B3TSI and development<br> of the first statistical analyses<br> in the agri-food industry.<\/p><\/div>\n                        <\/div>\n                    <\/div>\n                    \n                    <div class=\"swiper-slide\">\n                        <div class=\"swiper-frame\">\n                            <div class=\"image\">\n                                <img decoding=\"async\" src=\"https:\/\/b3tsi.com\/wp-content\/uploads\/2025\/07\/b3tsi-about-us-story-picto2.svg\" alt=\"\" \/>\n                            <\/div>\n                            <div class=\"date\"><p>1990<\/p><\/div>\n                            <div class=\"fact\"><p>Expansion of activities to<br>medical and health studies.<\/p><\/div>\n                        <\/div>\n                    <\/div>\n                    \n                    <div class=\"swiper-slide\">\n                        <div class=\"swiper-frame\">\n                            <div class=\"image\">\n                                <img decoding=\"async\" src=\"https:\/\/b3tsi.com\/wp-content\/uploads\/2025\/07\/b3tsi-about-us-story-picto3.svg\" alt=\"\" \/>\n                            <\/div>\n                            <div class=\"date\"><p>1997<\/p><\/div>\n                            <div class=\"fact\"><p>Integration of the telephone field<br>and launch of studies on<br>customer satisfaction.<\/p><\/div>\n                        <\/div>\n                    <\/div>\n                    \n                    <div class=\"swiper-slide\">\n                        <div class=\"swiper-frame\">\n                            <div class=\"image\">\n                                <img decoding=\"async\" src=\"https:\/\/b3tsi.com\/wp-content\/uploads\/2025\/07\/b3tsi-about-us-story-picto4.svg\" alt=\"\" \/>\n                            <\/div>\n                            <div class=\"date\"><p>2006<\/p><\/div>\n                            <div class=\"fact\"><p>Development of B2B studies<br>for the food service and<br>hospitality industries.<\/p><\/div>\n                        <\/div>\n                    <\/div>\n                    \n                    <div class=\"swiper-slide\">\n                        <div class=\"swiper-frame\">\n                            <div class=\"image\">\n                                <img decoding=\"async\" src=\"https:\/\/b3tsi.com\/wp-content\/uploads\/2025\/07\/b3tsi-about-us-story-picto5.svg\" alt=\"\" \/>\n                            <\/div>\n                            <div class=\"date\"><p>2014<\/p><\/div>\n                            <div class=\"fact\"><p>Generalization of full online<\/p><\/div>\n                        <\/div>\n                    <\/div>\n                    \n                    <div class=\"swiper-slide\">\n                        <div class=\"swiper-frame\">\n                            <div class=\"image\">\n                                <img decoding=\"async\" src=\"https:\/\/b3tsi.com\/wp-content\/uploads\/2025\/07\/b3tsi-about-us-story-picto6.svg\" alt=\"\" \/>\n                            <\/div>\n                            <div class=\"date\"><p>2017<\/p><\/div>\n                            <div class=\"fact\"><p>Launch of B3 Sant\u00e9 Pro, now the leading panel<br>of healthcare professionals for<br>market survey in France.<\/p><\/div>\n                        <\/div>\n                    <\/div>\n                    \n                    <div class=\"swiper-slide\">\n                        <div class=\"swiper-frame\">\n                            <div class=\"image\">\n                                <img decoding=\"async\" src=\"https:\/\/b3tsi.com\/wp-content\/uploads\/2025\/07\/b3tsi-about-us-story-picto7.svg\" alt=\"\" \/>\n                            <\/div>\n                            <div class=\"date\"><p>2024<\/p><\/div>\n                            <div class=\"fact\"><p>Launch of the ODD offer<br>to support SMEs in<br>their CSR commitment process.<\/p><\/div>\n                        <\/div>\n                    <\/div>\n                    \n                    <div class=\"swiper-slide\">\n                        <div class=\"swiper-frame\">\n                            <div class=\"image\">\n                                <img decoding=\"async\" src=\"https:\/\/b3tsi.com\/wp-content\/uploads\/2025\/10\/b3tsi-about-us-story-picto8.svg\" alt=\"Artificial Intelligence\" \/>\n                            <\/div>\n                            <div class=\"date\"><p>2025<\/p><\/div>\n                            <div class=\"fact\"><p>Launch of the first B3 AI agents,<br>\r\nthe study assistants Bart and James B.<\/p><\/div>\n                        <\/div>\n                    <\/div>\n                            <\/div>\n    <div class=\"swiper-button-prev\"><\/div>\n    <div class=\"swiper-button-next\"><\/div>\n    <\/div>\n<\/div>\n\n    <\/div>\n<\/section>\n\n\n<section id=\"our-story2\" class=\"white \">\n    <div class=\"container \">\n        \n\n    <h2 class=\"title blue en\">Our DNA<\/h2>\n\n\n\n<div class=\"text\">\n            <p style=\"text-align: center;\">A constant ability to adapt and a desire to always offer high value-added studies.<\/p>\n    <\/div>\n\n    <\/div>\n<\/section>\n\n\n<section id=\"key-numbers-that-speak-for-us\" class=\"blue \">\n    <div class=\"container w100\">\n        \n\n    <h2 class=\"title white en\"><strong>Figures<\/strong> that speak for us<span class=\"bigpoint\">.<\/span><\/h2>\n\n\n\n<div class=\"text\">\n            <p style=\"text-align: center;\">Thousands of studies carried out every year, using innovative tools and proven expertise.<\/p>\n    <\/div>\n\n\n<div class=\"block-image-text rtl\">\n            <div class=\"left w60\">\n                            <img decoding=\"async\" src=\"https:\/\/b3tsi.com\/wp-content\/uploads\/2025\/06\/b3tsi-about-us-key-numbers-that-speak-for-us-scaled.jpg\" alt=\"Des chiffres probants\">\n                \n               \n        <\/div>\n        <div class=\"right w40\">\n                        <div class=\"text\">\n                                    <p><strong>35 years<\/strong><br \/>\nof expertise in research and data analysis<\/p>\n<p><strong>6,5 M\u20ac<\/strong><br \/>\nof sales, with a presence in several sectors: healthcare, catering, services<\/p>\n<p><strong>150<\/strong><br \/>\nstudies per month<\/p>\n                            <\/div>\n                    <\/div>      \n    <\/div>\n\n\n    <\/div>\n<\/section>\n\n\n<section id=\"do-you-have-a-project\" class=\"white \">\n    <div class=\"container \">\n        \n\n    <h2 class=\"title blue en\">Do you have a <strong>project<\/strong><\/h2>\n\n\n\n<div class=\"button-wrap\">\n            <a href=\"\/en\/contact\" target=\"_self\" class=\"btn-primary\">\n            Contact us        <\/a>\n    <\/div>\n\n    <\/div>\n<\/section>","protected":false},"excerpt":{"rendered":"","protected":false},"author":1,"featured_media":0,"parent":0,"menu_order":0,"comment_status":"closed","ping_status":"closed","template":"page-about-us","meta":{"_acf_changed":false,"footnotes":""},"class_list":["post-106","page","type-page","status-publish","hentry"],"acf":[],"aioseo_notices":[],"_links":{"self":[{"href":"https:\/\/b3tsi.com\/en\/wp-json\/wp\/v2\/pages\/106","targetHints":{"allow":["GET"]}}],"collection":[{"href":"https:\/\/b3tsi.com\/en\/wp-json\/wp\/v2\/pages"}],"about":[{"href":"https:\/\/b3tsi.com\/en\/wp-json\/wp\/v2\/types\/page"}],"author":[{"embeddable":true,"href":"https:\/\/b3tsi.com\/en\/wp-json\/wp\/v2\/users\/1"}],"replies":[{"embeddable":true,"href":"https:\/\/b3tsi.com\/en\/wp-json\/wp\/v2\/comments?post=106"}],"version-history":[{"count":34,"href":"https:\/\/b3tsi.com\/en\/wp-json\/wp\/v2\/pages\/106\/revisions"}],"predecessor-version":[{"id":3722,"href":"https:\/\/b3tsi.com\/en\/wp-json\/wp\/v2\/pages\/106\/revisions\/3722"}],"wp:attachment":[{"href":"https:\/\/b3tsi.com\/en\/wp-json\/wp\/v2\/media?parent=106"}],"curies":[{"name":"wp","href":"https:\/\/api.w.org\/{rel}","templated":true}]}}